{"id":840,"date":"2025-08-06T12:11:30","date_gmt":"2025-08-06T17:11:30","guid":{"rendered":"https:\/\/epmapasd.gob.ec\/?page_id=840"},"modified":"2025-08-06T22:31:44","modified_gmt":"2025-08-07T03:31:44","slug":"pliego-tarifario","status":"publish","type":"page","link":"https:\/\/epmapasd.gob.ec\/?page_id=840","title":{"rendered":"Ordenanza Pliego Tarifario"},"content":{"rendered":"\n<h4 style=\"font-weight: 400; color: #2a2a2a; text-align: justify;\"><strong>PUBLICACI\u00d3N DE ORDENANZA QUE REGULA LA PRESTACI\u00d3N DE SERVICIOS DE AGUA POTABLE Y ALCANTARILLADO Y ESTABLECE LAS TASAS DE LA EMPRESA P\u00daBLICA MUNICIPAL DE AGUA POTABLE Y ALCANTARILLADO DE SANTO DOMINGO EPMAPA-SD.<\/strong><\/h4>\n<hr \/>\n<p style=\"color: #525252; text-align: justify;\">El Consejo Municipal del Gobierno Aut\u00f3nomo Descentrlizado Municipal de Santo Domingo, mediante Ordenanza Municipal N\u00b0 M-051-VQM, publicada en el Registro Oficial el 16 de diciembre de 2014, aprob\u00f3 La Ordenanza que regula la prestaci\u00f3n de los servicios de agua potable y alcantarillado y establece las tasas de la Empresa P\u00fablica Municipal de Agua Potable y Alcantarillado de Santo Domingo EPMAPA-SD. Ordenanza que aplicaba el pliego tarifario que basado en un estudio interno plante\u00f3 la propuesta tarifaria que para el momento era la apegada a la realidad de la Empresa y la Ciudad.<\/p><br \/>\n\n\n\n<a href=\"https:\/\/epmapasd.gob.ec\/wp-content\/uploads\/2025\/08\/Ordenanza_Pliego_Tarifario_2021.pdf\" class=\"pdfemb-viewer\" style=\"\" data-width=\"max\" data-height=\"max\" data-toolbar=\"bottom\" data-toolbar-fixed=\"off\">Ordenanza_Pliego_Tarifario_2021<\/a>\n\n\n\n<p><\/p>\n","protected":false},"excerpt":{"rendered":"<p>PUBLICACI\u00d3N DE ORDENANZA QUE REGULA LA PRESTACI\u00d3N DE SERVICIOS DE AGUA POTABLE Y ALCANTARILLADO Y ESTABLECE LAS TASAS DE LA EMPRESA P\u00daBLICA MUNICIPAL DE AGUA POTABLE Y ALCANTARILLADO DE SANTO DOMINGO EPMAPA-SD. El Consejo Municipal del Gobierno Aut\u00f3nomo Descentrlizado Municipal de Santo Domingo, mediante Ordenanza Municipal N\u00b0 M-051-VQM, publicada en el Registro Oficial el 16 [&hellip;]<\/p>\n","protected":false},"author":1,"featured_media":0,"parent":0,"menu_order":0,"comment_status":"closed","ping_status":"closed","template":"","meta":{"footnotes":""},"class_list":["post-840","page","type-page","status-publish","hentry"],"rttpg_featured_image_url":null,"rttpg_author":{"display_name":"epmapasd","author_link":"https:\/\/epmapasd.gob.ec\/?author=1"},"rttpg_comment":0,"rttpg_category":null,"rttpg_excerpt":"PUBLICACI\u00d3N DE ORDENANZA QUE REGULA LA PRESTACI\u00d3N DE SERVICIOS DE AGUA POTABLE Y ALCANTARILLADO Y ESTABLECE LAS TASAS DE LA EMPRESA P\u00daBLICA MUNICIPAL DE AGUA POTABLE Y ALCANTARILLADO DE SANTO DOMINGO EPMAPA-SD. El Consejo Municipal del Gobierno Aut\u00f3nomo Descentrlizado Municipal de Santo Domingo, mediante Ordenanza Municipal N\u00b0 M-051-VQM, publicada en el Registro Oficial el 16&hellip;","_links":{"self":[{"href":"https:\/\/epmapasd.gob.ec\/index.php?rest_route=\/wp\/v2\/pages\/840"}],"collection":[{"href":"https:\/\/epmapasd.gob.ec\/index.php?rest_route=\/wp\/v2\/pages"}],"about":[{"href":"https:\/\/epmapasd.gob.ec\/index.php?rest_route=\/wp\/v2\/types\/page"}],"author":[{"embeddable":true,"href":"https:\/\/epmapasd.gob.ec\/index.php?rest_route=\/wp\/v2\/users\/1"}],"replies":[{"embeddable":true,"href":"https:\/\/epmapasd.gob.ec\/index.php?rest_route=%2Fwp%2Fv2%2Fcomments&post=840"}],"version-history":[{"count":13,"href":"https:\/\/epmapasd.gob.ec\/index.php?rest_route=\/wp\/v2\/pages\/840\/revisions"}],"predecessor-version":[{"id":859,"href":"https:\/\/epmapasd.gob.ec\/index.php?rest_route=\/wp\/v2\/pages\/840\/revisions\/859"}],"wp:attachment":[{"href":"https:\/\/epmapasd.gob.ec\/index.php?rest_route=%2Fwp%2Fv2%2Fmedia&parent=840"}],"curies":[{"name":"wp","href":"https:\/\/api.w.org\/{rel}","templated":true}]}}