{"id":54,"date":"2024-09-27T22:56:22","date_gmt":"2024-09-28T03:56:22","guid":{"rendered":"https:\/\/epmapasd.gob.ec\/?page_id=54"},"modified":"2024-09-27T22:56:22","modified_gmt":"2024-09-28T03:56:22","slug":"objetivos-y-principios","status":"publish","type":"page","link":"https:\/\/epmapasd.gob.ec\/?page_id=54","title":{"rendered":"Objetivos y Principios"},"content":{"rendered":"\n<h4 style=\"text-align: center;\"><img loading=\"lazy\" decoding=\"async\" class=\"alignnone  wp-image-1704\" src=\"https:\/\/epmapasd.gob.ec\/wp-content\/uploads\/2024\/09\/epmapasd_logo.png\" alt=\"\" width=\"503\" height=\"142\" \/>\u00a0<\/h4>\n<hr \/>\n<h4 style=\"text-align: center;\">\u00a0<\/h4>\n<h4 style=\"text-align: left;\"><strong>Objetivos estrat\u00e9gicos<\/strong><\/h4>\n<ul>\n<li style=\"text-align: justify;\">Desarrollar y consolidar un sistema de gobernabilidad y autonom\u00eda en la gesti\u00f3n de la Empresa<\/li>\n<li style=\"text-align: justify;\">Consolidar un sistema de planeamiento integral institucional<\/li>\n<li style=\"text-align: justify;\">Lograr la sostenibilidad y sustentabilidad de la Empresa<\/li>\n<li style=\"text-align: justify;\">Consolidar un sistema de desarrollo organizacional integral<\/li>\n<li style=\"text-align: justify;\">Fortalecer la imagen corporativa de la Empresa<\/li>\n<li style=\"text-align: justify;\">Prestar en forma \u00f3ptima los servicios de agua potable y alcantarillado al Cant\u00f3n SantoDomingo.<\/li>\n<\/ul>\n<h4>\u00a0<\/h4>\n<h4 style=\"text-align: left;\"><strong>Principios<\/strong><\/h4>\n<p>La gesti\u00f3n de la Empresa P\u00fablica Municipal de Agua Potable y Alcantarillado de Santo Domingo se sustentar\u00e1 en los siguientes principios establecidos en el art\u00edculo 3 de la Ley Org\u00e1nica de Empresas P\u00fablicas, que son:<\/p>\n<ul>\n<li style=\"text-align: justify;\">Contribuir en forma sostenida al desarrollo humano y buen vivir de la poblaci\u00f3n ecuatoriana<\/li>\n<li style=\"text-align: justify;\">Promover el desarrollo sustentable, integral, descentralizado y desconcentrado del Estado, y de las actividades econ\u00f3micas asumidas por \u00e9ste<\/li>\n<li style=\"text-align: justify;\">Actuar con eficiencia, racionalidad, rentabilidad y control social en la exploraci\u00f3n, explotaci\u00f3n e industrializaci\u00f3n de los recursos naturales renovables y no renovables y en la comercializaci\u00f3n de sus productos derivados, preservando el ambiente<\/li>\n<li style=\"text-align: justify;\">Propiciarla obligatoriedad, generalidad, uniformidad, eficiencia, universalidad, accesibilidad, regularidad, calidad, continuidad,\u00a0 seguridad, precios equitativos y responsabilidad en la prestaci\u00f3n de los servicios p\u00fablicos<\/li>\n<li style=\"text-align: justify;\">Precautelar que los costos socio-ambientales se integren a los costos de producci\u00f3n y preservar y controlar la propiedad estatal y la actividad empresarial p\u00fablica.<\/li>\n<\/ul>\n","protected":false},"excerpt":{"rendered":"<p>\u00a0 \u00a0 Objetivos estrat\u00e9gicos Desarrollar y consolidar un sistema de gobernabilidad y autonom\u00eda en la gesti\u00f3n de la Empresa Consolidar un sistema de planeamiento integral institucional Lograr la sostenibilidad y sustentabilidad de la Empresa Consolidar un sistema de desarrollo organizacional integral Fortalecer la imagen corporativa de la Empresa Prestar en forma \u00f3ptima los servicios de [&hellip;]<\/p>\n","protected":false},"author":1,"featured_media":0,"parent":0,"menu_order":0,"comment_status":"closed","ping_status":"closed","template":"","meta":{"footnotes":""},"class_list":["post-54","page","type-page","status-publish","hentry"],"rttpg_featured_image_url":null,"rttpg_author":{"display_name":"epmapasd","author_link":"https:\/\/epmapasd.gob.ec\/?author=1"},"rttpg_comment":0,"rttpg_category":null,"rttpg_excerpt":"\u00a0 \u00a0 Objetivos estrat\u00e9gicos Desarrollar y consolidar un sistema de gobernabilidad y autonom\u00eda en la gesti\u00f3n de la Empresa Consolidar un sistema de planeamiento integral institucional Lograr la sostenibilidad y sustentabilidad de la Empresa Consolidar un sistema de desarrollo organizacional integral Fortalecer la imagen corporativa de la Empresa Prestar en forma \u00f3ptima los servicios de&hellip;","_links":{"self":[{"href":"https:\/\/epmapasd.gob.ec\/index.php?rest_route=\/wp\/v2\/pages\/54"}],"collection":[{"href":"https:\/\/epmapasd.gob.ec\/index.php?rest_route=\/wp\/v2\/pages"}],"about":[{"href":"https:\/\/epmapasd.gob.ec\/index.php?rest_route=\/wp\/v2\/types\/page"}],"author":[{"embeddable":true,"href":"https:\/\/epmapasd.gob.ec\/index.php?rest_route=\/wp\/v2\/users\/1"}],"replies":[{"embeddable":true,"href":"https:\/\/epmapasd.gob.ec\/index.php?rest_route=%2Fwp%2Fv2%2Fcomments&post=54"}],"version-history":[{"count":1,"href":"https:\/\/epmapasd.gob.ec\/index.php?rest_route=\/wp\/v2\/pages\/54\/revisions"}],"predecessor-version":[{"id":55,"href":"https:\/\/epmapasd.gob.ec\/index.php?rest_route=\/wp\/v2\/pages\/54\/revisions\/55"}],"wp:attachment":[{"href":"https:\/\/epmapasd.gob.ec\/index.php?rest_route=%2Fwp%2Fv2%2Fmedia&parent=54"}],"curies":[{"name":"wp","href":"https:\/\/api.w.org\/{rel}","templated":true}]}}