{"id":44,"date":"2024-09-27T22:33:46","date_gmt":"2024-09-28T03:33:46","guid":{"rendered":"https:\/\/epmapasd.gob.ec\/?page_id=44"},"modified":"2024-09-29T16:22:59","modified_gmt":"2024-09-29T21:22:59","slug":"mision-y-vision","status":"publish","type":"page","link":"https:\/\/epmapasd.gob.ec\/?page_id=44","title":{"rendered":"Misi\u00f3n y Visi\u00f3n"},"content":{"rendered":"\n<h4 style=\"text-align: center;\"><img loading=\"lazy\" decoding=\"async\" class=\"alignnone  wp-image-1704\" src=\"https:\/\/epmapasd.gob.ec\/wp-content\/uploads\/2024\/09\/epmapasd_logo.png\" alt=\"\" width=\"474\" height=\"129\" \/>\u00a0\u00a0<\/h4>\n<hr \/>\n<h4>\u00a0<\/h4>\n<h4 style=\"text-align: left;\"><strong>Misi\u00f3n<\/strong><\/h4>\n<p style=\"text-align: justify;\">Ser la Empresa P\u00fablica del Gobierno Municipal de Santo Domingo, que gestiona los servicios de agua potable y alcantarillado, con tarifas que garanticen la sustentabilidad de la prestaci\u00f3n, fomentando una cultura del uso apropiado de los recursos y la preservaci\u00f3n del ambiente.<\/p>\n<h2 style=\"text-align: center;\">\u00a0<\/h2>\n<h4 style=\"text-align: left;\"><strong>Visi\u00f3n<\/strong><\/h4>\n<p style=\"text-align: justify;\">La EPMAPA-SD para el 2028 ser\u00e1 un ejemplo de la administraci\u00f3n p\u00fablica local con criterios; empresarial, econ\u00f3mico, social\u00a0 y ambiental, brindando servicios de agua potable y alcantarillado, con adecuada calidad y cobertura, aprovechando y optimizando de manera sustentable y sosteniblemente los recursos de que dispone.<\/p>\n<p>&nbsp;<\/p>\n","protected":false},"excerpt":{"rendered":"<p>\u00a0\u00a0 \u00a0 Misi\u00f3n Ser la Empresa P\u00fablica del Gobierno Municipal de Santo Domingo, que gestiona los servicios de agua potable y alcantarillado, con tarifas que garanticen la sustentabilidad de la prestaci\u00f3n, fomentando una cultura del uso apropiado de los recursos y la preservaci\u00f3n del ambiente. \u00a0 Visi\u00f3n La EPMAPA-SD para el 2028 ser\u00e1 un ejemplo [&hellip;]<\/p>\n","protected":false},"author":1,"featured_media":0,"parent":0,"menu_order":0,"comment_status":"closed","ping_status":"closed","template":"","meta":{"footnotes":""},"class_list":["post-44","page","type-page","status-publish","hentry"],"rttpg_featured_image_url":null,"rttpg_author":{"display_name":"epmapasd","author_link":"https:\/\/epmapasd.gob.ec\/?author=1"},"rttpg_comment":0,"rttpg_category":null,"rttpg_excerpt":"\u00a0\u00a0 \u00a0 Misi\u00f3n Ser la Empresa P\u00fablica del Gobierno Municipal de Santo Domingo, que gestiona los servicios de agua potable y alcantarillado, con tarifas que garanticen la sustentabilidad de la prestaci\u00f3n, fomentando una cultura del uso apropiado de los recursos y la preservaci\u00f3n del ambiente. \u00a0 Visi\u00f3n La EPMAPA-SD para el 2028 ser\u00e1 un ejemplo&hellip;","_links":{"self":[{"href":"https:\/\/epmapasd.gob.ec\/index.php?rest_route=\/wp\/v2\/pages\/44"}],"collection":[{"href":"https:\/\/epmapasd.gob.ec\/index.php?rest_route=\/wp\/v2\/pages"}],"about":[{"href":"https:\/\/epmapasd.gob.ec\/index.php?rest_route=\/wp\/v2\/types\/page"}],"author":[{"embeddable":true,"href":"https:\/\/epmapasd.gob.ec\/index.php?rest_route=\/wp\/v2\/users\/1"}],"replies":[{"embeddable":true,"href":"https:\/\/epmapasd.gob.ec\/index.php?rest_route=%2Fwp%2Fv2%2Fcomments&post=44"}],"version-history":[{"count":5,"href":"https:\/\/epmapasd.gob.ec\/index.php?rest_route=\/wp\/v2\/pages\/44\/revisions"}],"predecessor-version":[{"id":207,"href":"https:\/\/epmapasd.gob.ec\/index.php?rest_route=\/wp\/v2\/pages\/44\/revisions\/207"}],"wp:attachment":[{"href":"https:\/\/epmapasd.gob.ec\/index.php?rest_route=%2Fwp%2Fv2%2Fmedia&parent=44"}],"curies":[{"name":"wp","href":"https:\/\/api.w.org\/{rel}","templated":true}]}}