{"id":259,"date":"2024-09-30T22:17:32","date_gmt":"2024-10-01T03:17:32","guid":{"rendered":"https:\/\/epmapasd.gob.ec\/?page_id=259"},"modified":"2024-09-30T22:17:32","modified_gmt":"2024-10-01T03:17:32","slug":"requisitos","status":"publish","type":"page","link":"https:\/\/epmapasd.gob.ec\/?page_id=259","title":{"rendered":"Requisitos"},"content":{"rendered":"\n<h1><img loading=\"lazy\" decoding=\"async\" class=\"wp-image-1704 aligncenter\" src=\"https:\/\/epmapasd.gob.ec\/wp-content\/uploads\/2024\/09\/epmapasd_logo.png\" alt=\"\" width=\"445\" height=\"121\" \/><\/h1>\n<hr \/>\n<h2 style=\"text-align: center;\"><strong>REQUISITOS<\/strong><\/h2>\n<p>&nbsp;<\/p>\n<h4><strong>Conexiones nuevas del Agua y\/o Alcantarillado<\/strong><\/h4>\n<ul>\n<li>Fotocopia de la escritura o certificado que pruebe el dominio perpetuo o temporal del bien inmueble.<\/li>\n<li>Fotocopia de la c\u00e9dula de ciudadan\u00eda.<\/li>\n<li>Exhibir papeleta de votaci\u00f3n.<\/li>\n<li>Fotocopia de pago del impuesto predial.<\/li>\n<li>Compra de especie valorada \u00abSolicitud de Servicio\u00bb &#8211; $1,00.<\/li>\n<li>Cambio de materiales o cambio de ubicaci\u00f3n de conexi\u00f3n de agua potable y\/o alcantarillado sanitario.<\/li>\n<li>Suscribir pedido por escrito.<\/li>\n<li>Copia de cedula de ciudadan\u00eda.<\/li>\n<li>Exhibir papeleta de votaci\u00f3n.<\/li>\n<\/ul>\n<p>&nbsp;<\/p>\n<h4><strong>Venta de Agua a Tanqueros<\/strong><\/h4>\n<ul>\n<li>Solicitar el ingreso de los datos personales conjuntamente con la cantidad de metros c\u00fabicos de agua a adquirir factibilidad de servicio de agua y alcantarillado y pluvial.<\/li>\n<\/ul>\n<p>&nbsp;<\/p>\n<h4><strong>Factibilidad de servicio de Agua y Alcantarillado y Pluvial<\/strong><\/h4>\n<ul>\n<li>Copia de escritura del predio.<\/li>\n<li>Copia de cedula de ciudadan\u00eda.<\/li>\n<li>Exhibir papeleta de votaci\u00f3n.<\/li>\n<li>Croquis de la ubicaci\u00f3n del predio<\/li>\n<li>Certificado de no adeudar<\/li>\n<\/ul>\n<h4><strong>Certificado de no Adeudar<\/strong><\/h4>\n<ul>\n<li>No tener valores pendientes con la EPMAPA-SD.<\/li>\n<\/ul>\n<h4><strong>Cambio de Nombre<\/strong><\/h4>\n<ul>\n<li>Planilla de agua.<\/li>\n<li>Copia de c\u00e9dula de ciudadan\u00eda del actual propietario.<\/li>\n<li>Copia de escritura de compra-venta o certificado de la cooperativa.<\/li>\n<li>Exhibir papeleta de votaci\u00f3n.<\/li>\n<\/ul>\n<h4><strong>Aprobaci\u00f3n de Estudios, Planos y Dise\u00f1o de los Proyectos de Infraestructuras Sanitario<\/strong><\/h4>\n<ul>\n<li>Copia de la cedula de ciudadan\u00eda.<\/li>\n<li>Exhibir papeleta de votaci\u00f3n.<\/li>\n<li>Factibilidad de servicio otorgados por la EPMAPA-SD.<\/li>\n<li>Certificado de no adeudar emitido por la EPMAPA-SD.<\/li>\n<li>Certificado de rasantes o revisi\u00f3n y aprobaci\u00f3n del proyecto de rasantes conferido por el I. Municipio del Cant\u00f3n.<\/li>\n<li>Informe previo para urbanizar concedido por I. Municipio del Cant\u00f3n.<\/li>\n<li>Tres juegos de copias impresas del proyecto.<\/li>\n<li>2 CD&#8217;S con informaci\u00f3n del proyecto.<\/li>\n<li>Estudios de impacto ambiental.<\/li>\n<li>Levantamiento topogr\u00e1ficos \u2013CD&#8217;s.<\/li>\n<li>Certificado de uso de suelo.<\/li>\n<\/ul>\n<h4><strong>Reparaci\u00f3n de Acometidas Domiciliarias<\/strong><\/h4>\n<ul>\n<li>Presentar el reclamo en atenci\u00f3n al cliente.<\/li>\n<\/ul>\n<h4><strong>An\u00e1lisis de Agua<\/strong><\/h4>\n<ul>\n<li>Realizar pedido directamente en el Laboratorio \u2013 Planta de Tratamiento.<\/li>\n<\/ul>\n<h4><strong>Tramite de bajas y Refacturaci\u00f3n<\/strong><\/h4>\n<ul>\n<li>Copia de la cedula de ciudadan\u00eda.<\/li>\n<li>Exhibir papeleta de votaci\u00f3n.<\/li>\n<li>Especie valorada \u00abFormulario de Solicitud\u00bb. $1,00.<\/li>\n<li>En caso de ser c\u00f3digo duplicado copia de la escritura.<\/li>\n<\/ul>\n<h4><strong>Convenios de pagos<\/strong><\/h4>\n<ul>\n<li>Copia de factura de pago del abono inicial.<\/li>\n<\/ul>\n<h4><strong>Pagos de servicio a trav\u00e9s del Banco<\/strong><\/h4>\n<ul>\n<li>Copia de cedula de ciudadan\u00eda.<\/li>\n<li>N\u00famero de la cuenta bancaria.<\/li>\n<li>No tener deuda con la EPMAPA-S-D.<\/li>\n<\/ul>\n<h4><strong>Exoneraci\u00f3n consumo de Agua Potable por Tercera edad<\/strong><\/h4>\n<ul>\n<li>Copia de c\u00e9dula de ciudadan\u00eda.<\/li>\n<\/ul>\n<h4><strong>Exoneraci\u00f3n consumo de Agua Potable por Discapacidad<\/strong><\/h4>\n<ul>\n<li>Copia del carnet de discapacidad.<\/li>\n<\/ul>\n<h4><strong>Certificaci\u00f3n por Obra para obtener Escritura<\/strong><\/h4>\n<ul>\n<li>Certificaci\u00f3n de no adeudar individual.<\/li>\n<li>Copia de cedula de ciudadan\u00eda del representante legal.<\/li>\n<\/ul>\n<h4><strong>Reclamos varios<\/strong><\/h4>\n<ul>\n<li>V\u00eda telef\u00f3nica.<\/li>\n<li>Personalmente a trav\u00e9s del m\u00f3dulo de atenci\u00f3n a clientes.<\/li>\n<\/ul>\n","protected":false},"excerpt":{"rendered":"<p>REQUISITOS &nbsp; Conexiones nuevas del Agua y\/o Alcantarillado Fotocopia de la escritura o certificado que pruebe el dominio perpetuo o temporal del bien inmueble. Fotocopia de la c\u00e9dula de ciudadan\u00eda. Exhibir papeleta de votaci\u00f3n. Fotocopia de pago del impuesto predial. Compra de especie valorada \u00abSolicitud de Servicio\u00bb &#8211; $1,00. Cambio de materiales o cambio de [&hellip;]<\/p>\n","protected":false},"author":1,"featured_media":0,"parent":0,"menu_order":0,"comment_status":"closed","ping_status":"closed","template":"","meta":{"footnotes":""},"class_list":["post-259","page","type-page","status-publish","hentry"],"rttpg_featured_image_url":null,"rttpg_author":{"display_name":"epmapasd","author_link":"https:\/\/epmapasd.gob.ec\/?author=1"},"rttpg_comment":0,"rttpg_category":null,"rttpg_excerpt":"REQUISITOS &nbsp; Conexiones nuevas del Agua y\/o Alcantarillado Fotocopia de la escritura o certificado que pruebe el dominio perpetuo o temporal del bien inmueble. Fotocopia de la c\u00e9dula de ciudadan\u00eda. Exhibir papeleta de votaci\u00f3n. Fotocopia de pago del impuesto predial. Compra de especie valorada \u00abSolicitud de Servicio\u00bb &#8211; $1,00. Cambio de materiales o cambio de&hellip;","_links":{"self":[{"href":"https:\/\/epmapasd.gob.ec\/index.php?rest_route=\/wp\/v2\/pages\/259"}],"collection":[{"href":"https:\/\/epmapasd.gob.ec\/index.php?rest_route=\/wp\/v2\/pages"}],"about":[{"href":"https:\/\/epmapasd.gob.ec\/index.php?rest_route=\/wp\/v2\/types\/page"}],"author":[{"embeddable":true,"href":"https:\/\/epmapasd.gob.ec\/index.php?rest_route=\/wp\/v2\/users\/1"}],"replies":[{"embeddable":true,"href":"https:\/\/epmapasd.gob.ec\/index.php?rest_route=%2Fwp%2Fv2%2Fcomments&post=259"}],"version-history":[{"count":1,"href":"https:\/\/epmapasd.gob.ec\/index.php?rest_route=\/wp\/v2\/pages\/259\/revisions"}],"predecessor-version":[{"id":260,"href":"https:\/\/epmapasd.gob.ec\/index.php?rest_route=\/wp\/v2\/pages\/259\/revisions\/260"}],"wp:attachment":[{"href":"https:\/\/epmapasd.gob.ec\/index.php?rest_route=%2Fwp%2Fv2%2Fmedia&parent=259"}],"curies":[{"name":"wp","href":"https:\/\/api.w.org\/{rel}","templated":true}]}}