{"id":253,"date":"2024-09-30T22:16:14","date_gmt":"2024-10-01T03:16:14","guid":{"rendered":"https:\/\/epmapasd.gob.ec\/?page_id=253"},"modified":"2024-09-30T22:16:14","modified_gmt":"2024-10-01T03:16:14","slug":"directorio-telefonico","status":"publish","type":"page","link":"https:\/\/epmapasd.gob.ec\/?page_id=253","title":{"rendered":"Directorio Telef\u00f3nico"},"content":{"rendered":"\n<table style=\"background-color: #ffffff; width: 650px; border: 1px solid #006a9b;\" border=\"1\" frame=\"rhs\" rules=\"rows\">\n<tbody>\n<tr style=\"background-color: #006a9b;\">\n<td style=\"text-align: center;\" colspan=\"3\"><span style=\"color: #ffffff; font-family: helvetica; font-size: 10pt;\"><strong>DIRECTORIO TELEF\u00d3NICO<\/strong><br \/> <\/span><\/td>\n<\/tr>\n<tr style=\"text-align: left;\">\n<td style=\"text-align: center; width: 150px;\"><i class=\"uk-icon-button uk-icon-fax\"><\/i><\/td>\n<td style=\"text-align: left;\"><span style=\"font-size: 10pt; font-family: helvetica;\">PBX: <strong>(593)<\/strong> 02-3730-950\u00a0 \u00a0\u00a0<strong>(593)<\/strong> 02-2753-357 \u00a0\u00a0<strong>(593)<\/strong> 02-2759-086<\/span><\/td>\n<td style=\"text-align: left;\">\u00a0<\/td>\n<\/tr>\n<tr style=\"text-align: left;\">\n<td style=\"text-align: center; width: 150px;\"><i class=\"uk-icon-button uk-icon-envelope-o\"><\/i><\/td>\n<td style=\"text-align: left;\"><span style=\"font-size: 10pt; font-family: helvetica;\">sugerencias@epmapasd.gob.ec<\/span><\/td>\n<td style=\"text-align: left;\"><span style=\"font-size: 10pt; font-family: helvetica;\"><\/span><\/td>\n<\/tr>\n<tr style=\"background-color: #ebebea;\">\n<td style=\"text-align: center;\" colspan=\"3\"><strong><span style=\"font-size: 10pt; font-family: helvetica;\"> <span style=\"color: #000000;\">EXTENSIONES<\/span><\/span><\/strong><\/td>\n<\/tr>\n<tr style=\"background-color: #ebebea;\">\n<td style=\"text-align: center; width: 150px;\"><\/td>\n<td style=\"text-align: left;\"><strong><span style=\"font-size: 10pt; font-family: helvetica;\">Departamento<\/span><\/strong><\/td>\n<td style=\"text-align: left;\"><strong><span style=\"font-size: 10pt; font-family: helvetica;\">Extensi\u00f3n<\/span><\/strong><\/td>\n<\/tr>\n<tr style=\"text-align: left;\">\n<td style=\"text-align: center; width: 150px;\"><i class=\"uk-icon-button uk-icon-phone\"><\/i><\/td>\n<td style=\"text-align: left;\"><span style=\"font-size: 10pt; font-family: helvetica;\">Operadora<\/span><\/td>\n<td style=\"text-align: left;\"><span style=\"font-size: 10pt; font-family: helvetica;\">401<\/span><\/td>\n<\/tr>\n<tr style=\"text-align: left;\">\n<td style=\"text-align: center; width: 150px;\"><i class=\"uk-icon-button uk-icon-phone\"><\/i><\/td>\n<td style=\"text-align: left;\"><span style=\"font-size: 10pt; font-family: helvetica;\">Asistente de Gerencia<br \/> <\/span><\/td>\n<td style=\"text-align: left;\"><span style=\"font-size: 10pt; font-family: helvetica;\">402<\/span><\/td>\n<\/tr>\n<tr style=\"text-align: left;\">\n<td style=\"text-align: center; width: 150px;\"><i class=\"uk-icon-button uk-icon-phone\"><\/i><\/td>\n<td style=\"text-align: left;\"><span style=\"font-size: 10pt; font-family: helvetica;\">Subgerencia Jur\u00eddica<\/span><\/td>\n<td style=\"text-align: left;\"><span style=\"font-size: 10pt; font-family: helvetica;\">403<\/span><\/td>\n<\/tr>\n<tr style=\"text-align: left;\">\n<td style=\"text-align: center; width: 150px;\"><i class=\"uk-icon-button uk-icon-phone\"><\/i><\/td>\n<td style=\"text-align: left;\"><span style=\"font-size: 10pt; font-family: helvetica;\">Secretar\u00eda General<\/span><\/td>\n<td style=\"text-align: left;\"><span style=\"font-size: 10pt; font-family: helvetica;\">404<\/span><\/td>\n<\/tr>\n<tr style=\"text-align: left;\">\n<td style=\"text-align: center; width: 150px;\"><i class=\"uk-icon-button uk-icon-phone\"><\/i><\/td>\n<td style=\"text-align: left;\"><span style=\"font-size: 10pt; font-family: helvetica;\">Subgerencia Administrativo<\/span><\/td>\n<td style=\"text-align: left;\"><span style=\"font-size: 10pt; font-family: helvetica;\">406<\/span><\/td>\n<\/tr>\n<tr>\n<td style=\"text-align: center; width: 150px;\"><i class=\"uk-icon-button uk-icon-phone\"><\/i><\/td>\n<td><span style=\"font-size: 10pt; font-family: helvetica;\">Subgerencia de Talento Humano<\/span><\/td>\n<td><span style=\"font-size: 10pt; font-family: helvetica;\">407<\/span><\/td>\n<\/tr>\n<tr>\n<td style=\"text-align: center; width: 150px;\"><i class=\"uk-icon-button uk-icon-phone\"><\/i><\/td>\n<td><span style=\"font-size: 10pt; font-family: helvetica;\">Contrataci\u00f3n P\u00fablica<\/span><\/td>\n<td><span style=\"font-size: 10pt; font-family: helvetica;\">408<\/span><\/td>\n<\/tr>\n<tr>\n<td style=\"text-align: center; width: 150px;\"><i class=\"uk-icon-button uk-icon-phone\"><\/i><\/td>\n<td><span style=\"font-size: 10pt; font-family: helvetica;\">Bodega<\/span><\/td>\n<td><span style=\"font-size: 10pt; font-family: helvetica;\">409<\/span><\/td>\n<\/tr>\n<tr>\n<td style=\"text-align: center; width: 150px;\"><i class=\"uk-icon-button uk-icon-phone\"><\/i><\/td>\n<td><span style=\"font-size: 10pt; font-family: helvetica;\">Trabajo Social<\/span><\/td>\n<td><span style=\"font-size: 10pt; font-family: helvetica;\">410<\/span><\/td>\n<\/tr>\n<tr>\n<td style=\"text-align: center; width: 150px;\"><i class=\"uk-icon-button uk-icon-phone\"><\/i><\/td>\n<td><span style=\"font-size: 10pt; font-family: helvetica;\">Gesti\u00f3n de Servicios<br \/> <\/span><\/td>\n<td><span style=\"font-size: 10pt; font-family: helvetica;\">411<\/span><\/td>\n<\/tr>\n<tr>\n<td style=\"text-align: center; width: 150px;\"><i class=\"uk-icon-button uk-icon-phone\"><\/i><\/td>\n<td><span style=\"font-size: 10pt; font-family: helvetica;\">Atenci\u00f3n al Cliente<\/span><\/td>\n<td><span style=\"font-size: 10pt; font-family: helvetica;\">412<\/span><\/td>\n<\/tr>\n<tr>\n<td style=\"text-align: center; width: 150px;\"><i class=\"uk-icon-button uk-icon-phone\"><\/i><\/td>\n<td><span style=\"font-size: 10pt; font-family: helvetica;\">Micromedici\u00f3n<\/span><\/td>\n<td><span style=\"font-size: 10pt; font-family: helvetica;\">413<\/span><\/td>\n<\/tr>\n<tr>\n<td style=\"text-align: center; width: 150px;\"><i class=\"uk-icon-button uk-icon-phone\"><\/i><\/td>\n<td><span style=\"font-size: 10pt; font-family: helvetica;\">Control de P\u00e9rdidas<br \/> <\/span><\/td>\n<td><span style=\"font-size: 10pt; font-family: helvetica;\">415<\/span><\/td>\n<\/tr>\n<tr>\n<td style=\"text-align: center; width: 150px;\"><i class=\"uk-icon-button uk-icon-phone\"><\/i><\/td>\n<td><span style=\"font-size: 10pt; font-family: helvetica;\">Subgerencia Financiera<\/span><\/td>\n<td><span style=\"font-size: 10pt; font-family: helvetica;\">416<\/span><\/td>\n<\/tr>\n<tr>\n<td style=\"text-align: center; width: 150px;\"><i class=\"uk-icon-button uk-icon-phone\"><\/i><\/td>\n<td><span style=\"font-size: 10pt; font-family: helvetica;\">Contabilidad<\/span><\/td>\n<td><span style=\"font-size: 10pt; font-family: helvetica;\">417<\/span><\/td>\n<\/tr>\n<tr>\n<td style=\"text-align: center; width: 150px;\"><i class=\"uk-icon-button uk-icon-phone\"><\/i><\/td>\n<td><span style=\"font-size: 10pt; font-family: helvetica;\">Presupuesto<\/span><\/td>\n<td><span style=\"font-size: 10pt; font-family: helvetica;\">418<\/span><\/td>\n<\/tr>\n<tr>\n<td style=\"text-align: center; width: 150px;\"><i class=\"uk-icon-button uk-icon-phone\"><\/i><\/td>\n<td><span style=\"font-size: 10pt; font-family: helvetica;\">Tesorer\u00eda<\/span><\/td>\n<td><span style=\"font-size: 10pt; font-family: helvetica;\">419<\/span><\/td>\n<\/tr>\n<tr>\n<td style=\"text-align: center; width: 150px;\"><i class=\"uk-icon-button uk-icon-phone\"><\/i><\/td>\n<td><span style=\"font-size: 10pt; font-family: helvetica;\">Subgerencia de Tecnolog\u00edas de la Informaci\u00f3n &#8211; TIC\u00b4S<br \/> <\/span><\/td>\n<td><span style=\"font-size: 10pt; font-family: helvetica;\">422<\/span><\/td>\n<\/tr>\n<tr>\n<td style=\"text-align: center; width: 150px;\"><i class=\"uk-icon-button uk-icon-phone\"><\/i><\/td>\n<td><span style=\"font-size: 10pt; font-family: helvetica;\">Soporte T\u00e9cnico &#8211; TIC\u00b4S<br \/> <\/span><\/td>\n<td><span style=\"font-size: 10pt; font-family: helvetica;\">423<\/span><\/td>\n<\/tr>\n<tr>\n<td style=\"text-align: center; width: 150px;\"><i class=\"uk-icon-button uk-icon-phone\"><\/i><\/td>\n<td><span style=\"font-size: 10pt; font-family: helvetica;\">Subgerencia de Operaciones y Mantenimiento<\/span><\/td>\n<td><span style=\"font-size: 10pt; font-family: helvetica;\">424<\/span><\/td>\n<\/tr>\n<tr>\n<td style=\"text-align: center; width: 150px;\"><i class=\"uk-icon-button uk-icon-phone\"><\/i><\/td>\n<td><span style=\"font-size: 10pt; font-family: helvetica;\">Agua Potable<\/span><\/td>\n<td><span style=\"font-size: 10pt; font-family: helvetica;\">425<\/span><\/td>\n<\/tr>\n<tr>\n<td style=\"text-align: center; width: 150px;\"><i class=\"uk-icon-button uk-icon-phone\"><\/i><\/td>\n<td><span style=\"font-size: 10pt; font-family: helvetica;\">Alcantarillado<br \/> <\/span><\/td>\n<td><span style=\"font-size: 10pt; font-family: helvetica;\">426<\/span><\/td>\n<\/tr>\n<tr>\n<td style=\"text-align: center; width: 150px;\"><i class=\"uk-icon-button uk-icon-phone\"><\/i><\/td>\n<td><span style=\"font-size: 10pt; font-family: helvetica;\">Control de Calidad<\/span><\/td>\n<td><span style=\"font-size: 10pt; font-family: helvetica;\">427<\/span><\/td>\n<\/tr>\n<tr>\n<td style=\"text-align: center; width: 150px;\"><i class=\"uk-icon-button uk-icon-phone\"><\/i><\/td>\n<td><span style=\"font-size: 10pt; font-family: helvetica;\">Gesti\u00f3n de Producci\u00f3n de Agua Potable<br \/> <\/span><\/td>\n<td><span style=\"font-size: 10pt; font-family: helvetica;\">428<\/span><\/td>\n<\/tr>\n<tr>\n<td style=\"text-align: center; width: 150px;\"><i class=\"uk-icon-button uk-icon-phone\"><\/i><\/td>\n<td><span style=\"font-size: 10pt; font-family: helvetica;\">Subgerencia Comercial<\/span><\/td>\n<td><span style=\"font-size: 10pt; font-family: helvetica;\">429<\/span><\/td>\n<\/tr>\n<tr>\n<td style=\"text-align: center; width: 150px;\"><i class=\"uk-icon-button uk-icon-phone\"><\/i><\/td>\n<td><span style=\"font-size: 10pt; font-family: helvetica;\">Subgerencia de Infraestructura<\/span><\/td>\n<td><span style=\"font-size: 10pt; font-family: helvetica;\">431<\/span><\/td>\n<\/tr>\n<tr>\n<td style=\"text-align: center; width: 150px;\"><i class=\"uk-icon-button uk-icon-phone\"><\/i><\/td>\n<td><span style=\"font-size: 10pt; font-family: helvetica;\">Auditoria Interna<\/span><\/td>\n<td><span style=\"font-size: 10pt; font-family: helvetica;\">433<\/span><\/td>\n<\/tr>\n<tr>\n<td style=\"text-align: center; width: 150px;\"><i class=\"uk-icon-button uk-icon-phone\"><\/i><\/td>\n<td><span style=\"font-size: 10pt; font-family: helvetica;\">Subgerencia de Planificaci\u00f3n<br \/> <\/span><\/td>\n<td><span style=\"font-size: 10pt; font-family: helvetica;\">437<\/span><\/td>\n<\/tr>\n<tr>\n<td style=\"text-align: center; width: 150px;\"><i class=\"uk-icon-button uk-icon-phone\"><\/i><\/td>\n<td><span style=\"font-size: 10pt; font-family: helvetica;\">Aseguramiento de Ingresos<br \/> <\/span><\/td>\n<td><span style=\"font-size: 10pt; font-family: helvetica;\">438<\/span><\/td>\n<\/tr>\n<tr>\n<td style=\"text-align: center; width: 150px;\"><i class=\"uk-icon-button uk-icon-phone\"><\/i><\/td>\n<td><span style=\"font-size: 10pt; font-family: helvetica;\">Coactivas<br \/> <\/span><\/td>\n<td><span style=\"font-size: 10pt; font-family: helvetica;\">439<\/span><\/td>\n<\/tr>\n<\/tbody>\n<\/table>\n","protected":false},"excerpt":{"rendered":"<p>DIRECTORIO TELEF\u00d3NICO PBX: (593) 02-3730-950\u00a0 \u00a0\u00a0(593) 02-2753-357 \u00a0\u00a0(593) 02-2759-086 \u00a0 sugerencias@epmapasd.gob.ec EXTENSIONES Departamento Extensi\u00f3n Operadora 401 Asistente de Gerencia 402 Subgerencia Jur\u00eddica 403 Secretar\u00eda General 404 Subgerencia Administrativo 406 Subgerencia de Talento Humano 407 Contrataci\u00f3n P\u00fablica 408 Bodega 409 Trabajo Social 410 Gesti\u00f3n de Servicios 411 Atenci\u00f3n al Cliente 412 Micromedici\u00f3n 413 Control de P\u00e9rdidas [&hellip;]<\/p>\n","protected":false},"author":1,"featured_media":0,"parent":0,"menu_order":0,"comment_status":"closed","ping_status":"closed","template":"","meta":{"footnotes":""},"class_list":["post-253","page","type-page","status-publish","hentry"],"rttpg_featured_image_url":null,"rttpg_author":{"display_name":"epmapasd","author_link":"https:\/\/epmapasd.gob.ec\/?author=1"},"rttpg_comment":0,"rttpg_category":null,"rttpg_excerpt":"DIRECTORIO TELEF\u00d3NICO PBX: (593) 02-3730-950\u00a0 \u00a0\u00a0(593) 02-2753-357 \u00a0\u00a0(593) 02-2759-086 \u00a0 sugerencias@epmapasd.gob.ec EXTENSIONES Departamento Extensi\u00f3n Operadora 401 Asistente de Gerencia 402 Subgerencia Jur\u00eddica 403 Secretar\u00eda General 404 Subgerencia Administrativo 406 Subgerencia de Talento Humano 407 Contrataci\u00f3n P\u00fablica 408 Bodega 409 Trabajo Social 410 Gesti\u00f3n de Servicios 411 Atenci\u00f3n al Cliente 412 Micromedici\u00f3n 413 Control de P\u00e9rdidas&hellip;","_links":{"self":[{"href":"https:\/\/epmapasd.gob.ec\/index.php?rest_route=\/wp\/v2\/pages\/253"}],"collection":[{"href":"https:\/\/epmapasd.gob.ec\/index.php?rest_route=\/wp\/v2\/pages"}],"about":[{"href":"https:\/\/epmapasd.gob.ec\/index.php?rest_route=\/wp\/v2\/types\/page"}],"author":[{"embeddable":true,"href":"https:\/\/epmapasd.gob.ec\/index.php?rest_route=\/wp\/v2\/users\/1"}],"replies":[{"embeddable":true,"href":"https:\/\/epmapasd.gob.ec\/index.php?rest_route=%2Fwp%2Fv2%2Fcomments&post=253"}],"version-history":[{"count":2,"href":"https:\/\/epmapasd.gob.ec\/index.php?rest_route=\/wp\/v2\/pages\/253\/revisions"}],"predecessor-version":[{"id":258,"href":"https:\/\/epmapasd.gob.ec\/index.php?rest_route=\/wp\/v2\/pages\/253\/revisions\/258"}],"wp:attachment":[{"href":"https:\/\/epmapasd.gob.ec\/index.php?rest_route=%2Fwp%2Fv2%2Fmedia&parent=253"}],"curies":[{"name":"wp","href":"https:\/\/api.w.org\/{rel}","templated":true}]}}